{"id":68,"date":"2017-04-24T13:08:35","date_gmt":"2017-04-24T13:08:35","guid":{"rendered":"http:\/\/web209546.web57.dogado.de\/?page_id=68"},"modified":"2026-02-17T15:34:35","modified_gmt":"2026-02-17T15:34:35","slug":"about","status":"publish","type":"page","link":"https:\/\/www.annamariajung.com\/de\/about\/","title":{"rendered":"\u00dcber mich"},"content":{"rendered":"<table style=\"width: 100%; border-collapse: collapse; border-style: hidden; border-color: #ffffff;\" border=\"0\">\n<tbody>\n<tr>\n<td style=\"width: 31.2734%;\">\n<div id='gallery-1' class='gallery galleryid-68 gallery-columns-1 gallery-size-large'><figure class='gallery-item'>\n\t\t\t<div class='gallery-icon portrait'>\n\t\t\t\t<a href='https:\/\/www.annamariajung.com\/de\/about\/anna-maria-jung_low-res\/'><img loading=\"lazy\" decoding=\"async\" width=\"434\" height=\"595\" src=\"https:\/\/www.annamariajung.com\/wp-content\/uploads\/2025\/07\/anna-maria-jung_low-res.jpg\" class=\"attachment-large size-large\" alt=\"\" srcset=\"https:\/\/www.annamariajung.com\/wp-content\/uploads\/2025\/07\/anna-maria-jung_low-res.jpg 434w, https:\/\/www.annamariajung.com\/wp-content\/uploads\/2025\/07\/anna-maria-jung_low-res-9x12.jpg 9w, https:\/\/www.annamariajung.com\/wp-content\/uploads\/2025\/07\/anna-maria-jung_low-res-18x24.jpg 18w, https:\/\/www.annamariajung.com\/wp-content\/uploads\/2025\/07\/anna-maria-jung_low-res-26x36.jpg 26w, https:\/\/www.annamariajung.com\/wp-content\/uploads\/2025\/07\/anna-maria-jung_low-res-35x48.jpg 35w\" sizes=\"auto, (max-width: 434px) 100vw, 434px\" \/><\/a>\n\t\t\t<\/div><\/figure>\n\t\t<\/div>\n\n<\/td>\n<td style=\"width: 68.7266%;\">\n<h3>\u00dcBER MICH<\/h3>\n<p>Hallo! Ich bin eine Illustratorin aus Graz, die gerne mit einem schr\u00e4gen \u2013 manchmal auch dunklen \u2013 Humor arbeitet. \n\nSchon seit ich einen Stift halten kann, liebe ich es, skurrile und liebenswerte Figuren zu erschaffen. Das hat mich ganz nat\u00fcrlich in die Welt der Graphic Novels gef\u00fchrt.\u00a0<\/p>\n<p>Nach meinem Magisterstudium in MultiMedia Art in Salzburg und einem anschlie\u00dfenden Master of Arts in Illustration am FIT in New York begann ich, hunderte charmant-nerdige Designs f\u00fcr den US-Lizenzmarkt zu entwickeln. Es folgten Illustrationsauftr\u00e4ge im Kinderbuchbereich f\u00fcr renommierte US-Verlage wie Macmillan, Workman Publishing und Epic!.<\/p>\n<p>Humor spielt eine zentrale Rolle in meiner Arbeit \u2013 besonders dann, wenn sich alberne, unschuldige Momente mit einer Prise d\u00fcsteren Humors verbinden. Ich finde es spannend, wie die Welt gleichzeitig wundervoll und furchteinfl\u00f6\u00dfend sein kann \u2013 und wie seltsam das Leben manchmal ist. \n\nAu\u00dferdem habe ich ein Faible f\u00fcr schr\u00e4ge Wissenschaftsthemen \u2013 von ekligen K\u00f6rperfunktionen bis hin zu parasit\u00e4ren Lebensformen.<\/p>\n<h3>KLIENTEN<\/h3>\n<p>Threadless, Workman Publishing, Insight Editions, Dorkly, CBS, Macmillan, Epic! For Kids, Cartoonist Joscha Sauer, Kleine Zeitung, \u00d6AMTC, Landesbibliothek Steiermark<\/p>\n<h3>AUSBILDUNG\u00a0<\/h3>\n<p class=\"translation-block\"><strong>MultiMedia Art<\/strong>, Fachhochschule Salzburg, \u00d6sterreich, 2003 <strong><em>\u2013<\/em><\/strong> 2007: Magister (FH)<\/p>\n<p><strong>Internship at Bill Plympton Studios\/New York<\/strong>, a three-month internship with oscar-nominated Animator Bill Plympton, 2006<\/p>\n<p class=\"translation-block\"><strong>Illustration<\/strong>, Fulbright Scholarship, Fashion Institute of Technology (FIT) New York, 2009 <strong><em>\u2013<\/em><\/strong> 2011: Master of Arts\u00a0<\/p>\n<p class=\"translation-block\"><strong>Schoolism workshop<\/strong>, ein 30-Tage Intensivkurs in Kanada, Tortonto,\u00a0 2013<\/p>\n<h3>EXHIBITION<\/h3>\n<p data-start=\"180\" data-end=\"312\"><strong data-start=\"180\" data-end=\"237\">Society of Illustrators, New York \u2013 <em data-start=\"218\" data-end=\"235\">Illustrators 54<\/em><\/strong><br data-start=\"237\" data-end=\"240\" \/>Selected for inclusion in the annual exhibition and publication, 2012.<\/p>\n<p data-start=\"316\" data-end=\"404\"><strong data-start=\"316\" data-end=\"345\">Parks Art \u2013 Graz, Austria<\/strong><br data-start=\"345\" data-end=\"348\" \/>Solo exhibition at this renowned local art caf\u00e9, 2015.<\/p>\n<p data-start=\"408\" data-end=\"551\"><strong data-start=\"408\" data-end=\"443\">Star Trek: 50 Artists. 50 Years<\/strong><br data-start=\"443\" data-end=\"446\" \/>Featured in this international traveling exhibition celebrating the franchise\u2019s 50th anniversary, 2016.<\/p>\n<h3>KENTNISSE &amp; FACHWISSEN<\/h3>\n<p data-start=\"224\" data-end=\"470\" class=\"translation-block\">Charakterdesign \u2013 Spezialisiert auf die Entwicklung sympathischer, lustiger Figuren mit einem Hauch von Verspieltheit. Ich liebe es, Charaktere zu gestalten, die Geschichten zum Leben erwecken \u2013 oft eingebettet in detailreiche Szenen voller kleiner visueller Gags und versteckter Elemente (Wimmelbilder).<\/p>\n<p data-start=\"472\" data-end=\"688\" class=\"translation-block\">Kinderbuchillustration \u2013 Erfahrung mit Bilderb\u00fcchern, Kinderb\u00fcchern f\u00fcr \u00e4ltere Leser*innen und im Bereich Bildungsmedien. Ich bewege mich sicher zwischen humorvollen, verspielten und leicht schaurigen oder wissenschaftlich inspirierten Themen.<\/p>\n<p data-start=\"690\" data-end=\"940\" class=\"translation-block\">Lizenzdesign &amp; Merchandise \u2013 Umfangreiche Erfahrung im Lizenzmarkt mit Schwerpunkt auf nerdigen und popkulturellen Motiven. Versiert in der Aufbereitung von Daten f\u00fcr Digital- und Siebdruck sowie im Entwurf von nahtlosen Mustern f\u00fcr Textilien und Produkte.<\/p>\n<p data-start=\"942\" data-end=\"1162\" class=\"translation-block\">Comics &amp; Graphic Novels \u2013 Fundierte Kenntnisse im visuellen Erz\u00e4hlen und der sequentiellen Gestaltung. Ich habe mehrere Comicprojekte f\u00fcr den deutschsprachigen Markt umgesetzt \u2013 mit Fokus auf Humor, Fantasy und charakterzentrierte Geschichten.<\/p>\n<p data-start=\"1164\" data-end=\"1334\" class=\"translation-block\">Zuverl\u00e4ssigkeit &amp; Kommunikation \u2013 Gut organisiert, termintreu und unkompliziert in der Zusammenarbeit. Klare Kommunikation und Teamgeist sind f\u00fcr mich selbstverst\u00e4ndlich.<\/p>\n<p>Photo @ Slorrel<\/p>\n<\/td>\n<\/tr>\n<\/tbody>\n<\/table>","protected":false},"excerpt":{"rendered":"<p>ABOUT Hi, I am a passionate Austrian illustrator with a quirky and sometimes dark sense of humor. I&#8217;ve been creating whimsical and endearing characters ever since I could hold a pencil, which naturally led me to explore graphic novels.\u00a0 After earning a Master&#8217;s degree in MultiMedia Art in Austria and a Master of Arts in [&hellip;]<\/p>\n","protected":false},"author":1,"featured_media":0,"parent":0,"menu_order":0,"comment_status":"closed","ping_status":"closed","template":"","meta":{"footnotes":""},"class_list":["post-68","page","type-page","status-publish","hentry"],"_links":{"self":[{"href":"https:\/\/www.annamariajung.com\/de\/wp-json\/wp\/v2\/pages\/68","targetHints":{"allow":["GET"]}}],"collection":[{"href":"https:\/\/www.annamariajung.com\/de\/wp-json\/wp\/v2\/pages"}],"about":[{"href":"https:\/\/www.annamariajung.com\/de\/wp-json\/wp\/v2\/types\/page"}],"author":[{"embeddable":true,"href":"https:\/\/www.annamariajung.com\/de\/wp-json\/wp\/v2\/users\/1"}],"replies":[{"embeddable":true,"href":"https:\/\/www.annamariajung.com\/de\/wp-json\/wp\/v2\/comments?post=68"}],"version-history":[{"count":109,"href":"https:\/\/www.annamariajung.com\/de\/wp-json\/wp\/v2\/pages\/68\/revisions"}],"predecessor-version":[{"id":2534,"href":"https:\/\/www.annamariajung.com\/de\/wp-json\/wp\/v2\/pages\/68\/revisions\/2534"}],"wp:attachment":[{"href":"https:\/\/www.annamariajung.com\/de\/wp-json\/wp\/v2\/media?parent=68"}],"curies":[{"name":"wp","href":"https:\/\/api.w.org\/{rel}","templated":true}]}}