{"id":2196,"date":"2025-07-01T11:42:09","date_gmt":"2025-07-01T11:42:09","guid":{"rendered":"https:\/\/www.annamariajung.com\/?page_id=2196"},"modified":"2025-07-01T11:42:09","modified_gmt":"2025-07-01T11:42:09","slug":"hire-me-private","status":"publish","type":"page","link":"https:\/\/www.annamariajung.com\/de\/hire-me-private\/","title":{"rendered":"Auftr\u00e4ge - Privat"},"content":{"rendered":"<h3 data-start=\"693\" data-end=\"722\"><strong data-start=\"697\" data-end=\"720\">Privatauftr\u00e4ge<\/strong><\/h3>\n<p data-start=\"723\" data-end=\"782\">Ich habe bereits an diversen Privatauftr\u00e4gen gearbeitet:<\/p>\n<ul data-start=\"783\" data-end=\"906\">\n<li data-start=\"783\" data-end=\"796\">Portraits (Geschenke f\u00fcr Hochzeiten, Geburtstage, Paare, Jahrestage, Freunde)<\/li>\n<li data-start=\"797\" data-end=\"837\">Fantasy\/RPG\/LARP Charakter Portraits<\/li>\n<li data-start=\"838\" data-end=\"855\">Haustier Portraits<\/li>\n<li data-start=\"856\" data-end=\"906\">Sowohl digitale, als auch mit traditionellen Medien (Wasserfarbe, Marker, etc.)<\/li>\n<\/ul>\n<p data-start=\"908\" data-end=\"1140\" class=\"translation-block\">Um den Ablauf zu erleichtern, verwende ich ein Auftragsformular f\u00fcr Illustrationsanfragen.\nWenn du interessiert bist, schreib mir einfach eine E-Mail mit einer kurzen Beschreibung deiner Idee an art@annamariajung.com, und ich sende dir den Link zum Formular.<\/p>\n<p data-start=\"908\" data-end=\"1140\">Unten: Beispiele f\u00fcr digitale Auftragsarbeiten<\/p>\n<div id='gallery-1' class='gallery galleryid-2196 gallery-columns-5 gallery-size-thumbnail'><figure class='gallery-item'>\n\t\t\t<div class='gallery-icon portrait'>\n\t\t\t\t<a href='https:\/\/www.annamariajung.com\/de\/hire-me-private\/catvengers-assemble_a3_low-res\/'><img loading=\"lazy\" decoding=\"async\" width=\"300\" height=\"300\" src=\"https:\/\/www.annamariajung.com\/wp-content\/uploads\/2025\/07\/Catvengers-Assemble_A3_low-res-300x300.jpg\" class=\"attachment-thumbnail size-thumbnail\" alt=\"\" \/><\/a>\n\t\t\t<\/div><\/figure><figure class='gallery-item'>\n\t\t\t<div class='gallery-icon portrait'>\n\t\t\t\t<a href='https:\/\/www.annamariajung.com\/de\/hire-me-private\/betti_low-res\/'><img loading=\"lazy\" decoding=\"async\" width=\"300\" height=\"300\" src=\"https:\/\/www.annamariajung.com\/wp-content\/uploads\/2025\/07\/Betti_low-res-300x300.jpg\" class=\"attachment-thumbnail size-thumbnail\" alt=\"\" \/><\/a>\n\t\t\t<\/div><\/figure><figure class='gallery-item'>\n\t\t\t<div class='gallery-icon portrait'>\n\t\t\t\t<a href='https:\/\/www.annamariajung.com\/de\/hire-me\/kevin_low-res\/'><img loading=\"lazy\" decoding=\"async\" width=\"300\" height=\"300\" src=\"https:\/\/www.annamariajung.com\/wp-content\/uploads\/2025\/05\/Kevin_low-res-300x300.jpg\" class=\"attachment-thumbnail size-thumbnail\" alt=\"\" \/><\/a>\n\t\t\t<\/div><\/figure><figure class='gallery-item'>\n\t\t\t<div class='gallery-icon portrait'>\n\t\t\t\t<a href='https:\/\/www.annamariajung.com\/de\/character-portraits\/rpg-larp-portraits-victoria\/'><img loading=\"lazy\" decoding=\"async\" width=\"300\" height=\"300\" src=\"https:\/\/www.annamariajung.com\/wp-content\/uploads\/2024\/08\/RPG-LARP-Portraits-Victoria-300x300.jpg\" class=\"attachment-thumbnail size-thumbnail\" alt=\"\" \/><\/a>\n\t\t\t<\/div><\/figure><figure class='gallery-item'>\n\t\t\t<div class='gallery-icon portrait'>\n\t\t\t\t<a href='https:\/\/www.annamariajung.com\/de\/character-portraits\/rpg-larp-portraits-shenjin\/'><img loading=\"lazy\" decoding=\"async\" width=\"300\" height=\"300\" src=\"https:\/\/www.annamariajung.com\/wp-content\/uploads\/2024\/08\/RPG-LARP-Portraits-Shenjin-300x300.jpg\" class=\"attachment-thumbnail size-thumbnail\" alt=\"\" \/><\/a>\n\t\t\t<\/div><\/figure><figure class='gallery-item'>\n\t\t\t<div class='gallery-icon portrait'>\n\t\t\t\t<a href='https:\/\/www.annamariajung.com\/de\/character-portraits\/rpg-larp-portraits-leighton\/'><img loading=\"lazy\" decoding=\"async\" width=\"300\" height=\"300\" src=\"https:\/\/www.annamariajung.com\/wp-content\/uploads\/2024\/08\/RPG-LARP-Portraits-Leighton-300x300.jpg\" class=\"attachment-thumbnail size-thumbnail\" alt=\"\" \/><\/a>\n\t\t\t<\/div><\/figure><figure class='gallery-item'>\n\t\t\t<div class='gallery-icon landscape'>\n\t\t\t\t<a href='https:\/\/www.annamariajung.com\/de\/character-portraits\/rpg-larp-portraits-marriage\/'><img loading=\"lazy\" decoding=\"async\" width=\"300\" height=\"300\" src=\"https:\/\/www.annamariajung.com\/wp-content\/uploads\/2024\/08\/RPG-LARP-Portraits-marriage-300x300.jpg\" class=\"attachment-thumbnail size-thumbnail\" alt=\"\" \/><\/a>\n\t\t\t<\/div><\/figure><figure class='gallery-item'>\n\t\t\t<div class='gallery-icon landscape'>\n\t\t\t\t<a href='https:\/\/www.annamariajung.com\/de\/character-portraits\/rpg-larp-portraits-tobias-and-mona\/'><img loading=\"lazy\" decoding=\"async\" width=\"300\" height=\"300\" src=\"https:\/\/www.annamariajung.com\/wp-content\/uploads\/2024\/08\/RPG-LARP-Portraits-Tobias-and-Mona-300x300.jpg\" class=\"attachment-thumbnail size-thumbnail\" alt=\"\" \/><\/a>\n\t\t\t<\/div><\/figure><figure class='gallery-item'>\n\t\t\t<div class='gallery-icon portrait'>\n\t\t\t\t<a href='https:\/\/www.annamariajung.com\/de\/hire-me\/lindwurmchen-jpg-webauflosung\/'><img loading=\"lazy\" decoding=\"async\" width=\"300\" height=\"300\" src=\"https:\/\/www.annamariajung.com\/wp-content\/uploads\/2025\/05\/Lindwurmchen-JPG-webauflosung-300x300.jpg\" class=\"attachment-thumbnail size-thumbnail\" alt=\"\" \/><\/a>\n\t\t\t<\/div><\/figure><figure class='gallery-item'>\n\t\t\t<div class='gallery-icon portrait'>\n\t\t\t\t<a href='https:\/\/www.annamariajung.com\/de\/hire-me\/lorenz_karn_webauflosung_jpg\/'><img loading=\"lazy\" decoding=\"async\" width=\"300\" height=\"300\" src=\"https:\/\/www.annamariajung.com\/wp-content\/uploads\/2025\/05\/Lorenz_Karn_Webauflosung_jpg-300x300.jpg\" class=\"attachment-thumbnail size-thumbnail\" alt=\"\" \/><\/a>\n\t\t\t<\/div><\/figure><figure class='gallery-item'>\n\t\t\t<div class='gallery-icon portrait'>\n\t\t\t\t<a href='https:\/\/www.annamariajung.com\/de\/hire-me\/lukas_webauflosung\/'><img loading=\"lazy\" decoding=\"async\" width=\"300\" height=\"300\" src=\"https:\/\/www.annamariajung.com\/wp-content\/uploads\/2025\/05\/Lukas_Webauflosung-300x300.jpg\" class=\"attachment-thumbnail size-thumbnail\" alt=\"\" \/><\/a>\n\t\t\t<\/div><\/figure><figure class='gallery-item'>\n\t\t\t<div class='gallery-icon portrait'>\n\t\t\t\t<a href='https:\/\/www.annamariajung.com\/de\/hire-me\/martin_bragi_72dpi_webauflosung_jpg\/'><img loading=\"lazy\" decoding=\"async\" width=\"300\" height=\"300\" src=\"https:\/\/www.annamariajung.com\/wp-content\/uploads\/2025\/05\/Martin_Bragi_72dpi_webauflosung_jpg-300x300.jpg\" class=\"attachment-thumbnail size-thumbnail\" alt=\"\" \/><\/a>\n\t\t\t<\/div><\/figure>\n\t\t<\/div>\n\n<p>Unten: Beispiele f\u00fcr traditionelle Auftragsarbeiten<\/p>\n<div id='gallery-2' class='gallery galleryid-2196 gallery-columns-5 gallery-size-thumbnail'><figure class='gallery-item'>\n\t\t\t<div class='gallery-icon portrait'>\n\t\t\t\t<a href='https:\/\/www.annamariajung.com\/de\/hire-me\/2025-a4-beholder-kittens-01\/'><img loading=\"lazy\" decoding=\"async\" width=\"300\" height=\"300\" src=\"https:\/\/www.annamariajung.com\/wp-content\/uploads\/2025\/03\/2025-A4-Beholder-Kittens-01-300x300.jpg\" class=\"attachment-thumbnail size-thumbnail\" alt=\"\" \/><\/a>\n\t\t\t<\/div><\/figure><figure class='gallery-item'>\n\t\t\t<div class='gallery-icon portrait'>\n\t\t\t\t<a href='https:\/\/www.annamariajung.com\/de\/hire-me\/2025-a4-beholder-kittens-02\/'><img loading=\"lazy\" decoding=\"async\" width=\"300\" height=\"300\" src=\"https:\/\/www.annamariajung.com\/wp-content\/uploads\/2025\/03\/2025-A4-Beholder-Kittens-02-300x300.jpg\" class=\"attachment-thumbnail size-thumbnail\" alt=\"\" \/><\/a>\n\t\t\t<\/div><\/figure><figure class='gallery-item'>\n\t\t\t<div class='gallery-icon portrait'>\n\t\t\t\t<a href='https:\/\/www.annamariajung.com\/de\/hire-me\/2025-a4-gelatinous-cute-01\/'><img loading=\"lazy\" decoding=\"async\" width=\"300\" height=\"300\" src=\"https:\/\/www.annamariajung.com\/wp-content\/uploads\/2025\/03\/2025-A4-Gelatinous-Cute-01-300x300.jpg\" class=\"attachment-thumbnail size-thumbnail\" alt=\"\" \/><\/a>\n\t\t\t<\/div><\/figure><figure class='gallery-item'>\n\t\t\t<div class='gallery-icon portrait'>\n\t\t\t\t<a href='https:\/\/www.annamariajung.com\/de\/hire-me\/2025-a4-gelatinous-cute-02\/'><img loading=\"lazy\" decoding=\"async\" width=\"300\" height=\"300\" src=\"https:\/\/www.annamariajung.com\/wp-content\/uploads\/2025\/03\/2025-A4-Gelatinous-Cute-02-300x300.jpg\" class=\"attachment-thumbnail size-thumbnail\" alt=\"\" \/><\/a>\n\t\t\t<\/div><\/figure><figure class='gallery-item'>\n\t\t\t<div class='gallery-icon portrait'>\n\t\t\t\t<a href='https:\/\/www.annamariajung.com\/de\/hire-me\/2025-a5-racoon-wizard-02\/'><img loading=\"lazy\" decoding=\"async\" width=\"300\" height=\"300\" src=\"https:\/\/www.annamariajung.com\/wp-content\/uploads\/2025\/03\/2025-A5-Racoon-wizard-02-300x300.jpg\" class=\"attachment-thumbnail size-thumbnail\" alt=\"\" \/><\/a>\n\t\t\t<\/div><\/figure>\n\t\t<\/div>\n\n<h3 data-start=\"1142\" data-end=\"1159\"><strong data-start=\"1146\" data-end=\"1157\">Preis<\/strong><\/h3>\n<p data-start=\"1160\" data-end=\"1231\">Ich m\u00f6chte transparent mit meinen Preisen umgehen, damit du wei\u00dft, was dich erwartet:<\/p>\n<ul data-start=\"1233\" data-end=\"1515\">\n<li data-start=\"1233\" data-end=\"1258\"><strong data-start=\"1235\" data-end=\"1250\">Hourly Rate<\/strong>: \u20ac105 (gross for net)<\/li>\n<li data-start=\"1385\" data-end=\"1515\" class=\"translation-block\">Privatauftr\u00e4ge (z.\u202fB. Geschenke): Werden ausschlie\u00dflich nach Stundensatz verrechnet \u2013 es fallen keine zus\u00e4tzlichen Geb\u00fchren an.<\/li>\n<\/ul>\n<h3>Beispiele f\u00fcr Arbeitsstunden<\/h3>\n<ul>\n<li>Um dir ein Gef\u00fchl daf\u00fcr zu geben, wie lange ich f\u00fcr eine Illustration ben\u00f6tige, hier ein paar Beispiele:<\/li>\n<\/ul>\n<p class=\"translation-block\">Digitale Auftr\u00e4ge:\n\u201eDragon Bard\u201c war ein Einzelcharakter mit einfachem Hintergrund und hat ca. 2,5 Stunden gedauert.\n\u201eWedding Portrait\u201c war ein Paarportrait und nahm etwa 5 Stunden in Anspruch.<\/p>\n<p><img loading=\"lazy\" decoding=\"async\" src=\"https:\/\/www.annamariajung.com\/wp-content\/uploads\/2024\/08\/RPG-LARP-Portraits-Shenjin.jpg\" alt=\"Larp Character Portrait Shenjin\" width=\"250\" height=\"354\" \/><img loading=\"lazy\" decoding=\"async\" class=\"\" src=\"https:\/\/www.annamariajung.com\/wp-content\/uploads\/2024\/08\/RPG-LARP-Portraits-marriage.jpg\" alt=\"Couple Portrait\" width=\"491\" height=\"347\" \/><\/p>\n<p class=\"translation-block\">Auftragsarbeiten in Mixed Media (Originale):\n\u201eCat trapped in gelatinous cube\u201c im Format A4 hat etwa 2 Stunden gedauert.\n\u201eWizard Fire Mage\u201c im Format A5 hat ungef\u00e4hr 1 Stunde in Anspruch genommen.<\/p>\n<p><img loading=\"lazy\" decoding=\"async\" class=\"\" src=\"https:\/\/www.annamariajung.com\/wp-content\/uploads\/2025\/03\/2025-A4-Gelatinous-Cute-01.jpg\" alt=\"Cat in cube\" width=\"225\" height=\"334\" \/>\u00a0<img loading=\"lazy\" decoding=\"async\" class=\"\" src=\"https:\/\/www.annamariajung.com\/wp-content\/uploads\/2025\/03\/2025-A5-Racoon-wizard-02.jpg\" alt=\"Wizard fire mage\" width=\"221\" height=\"333\" \/><\/p>","protected":false},"excerpt":{"rendered":"<p>Private Commissions I have completed various custom illustrations, including: Portraits Fantasy\/RPG\/LARP character portraits Pet portraits Fully original digital and traditional artwork To make the process smoother, I use an order form for commission requests. If you\u2019re interested, please email me at art@annamariajung.com with a short description of your idea, and I\u2019ll send you the link [&hellip;]<\/p>\n","protected":false},"author":1,"featured_media":0,"parent":0,"menu_order":0,"comment_status":"closed","ping_status":"closed","template":"","meta":{"footnotes":""},"class_list":["post-2196","page","type-page","status-publish","hentry"],"_links":{"self":[{"href":"https:\/\/www.annamariajung.com\/de\/wp-json\/wp\/v2\/pages\/2196","targetHints":{"allow":["GET"]}}],"collection":[{"href":"https:\/\/www.annamariajung.com\/de\/wp-json\/wp\/v2\/pages"}],"about":[{"href":"https:\/\/www.annamariajung.com\/de\/wp-json\/wp\/v2\/types\/page"}],"author":[{"embeddable":true,"href":"https:\/\/www.annamariajung.com\/de\/wp-json\/wp\/v2\/users\/1"}],"replies":[{"embeddable":true,"href":"https:\/\/www.annamariajung.com\/de\/wp-json\/wp\/v2\/comments?post=2196"}],"version-history":[{"count":3,"href":"https:\/\/www.annamariajung.com\/de\/wp-json\/wp\/v2\/pages\/2196\/revisions"}],"predecessor-version":[{"id":2202,"href":"https:\/\/www.annamariajung.com\/de\/wp-json\/wp\/v2\/pages\/2196\/revisions\/2202"}],"wp:attachment":[{"href":"https:\/\/www.annamariajung.com\/de\/wp-json\/wp\/v2\/media?parent=2196"}],"curies":[{"name":"wp","href":"https:\/\/api.w.org\/{rel}","templated":true}]}}