{"id":2190,"date":"2025-07-01T11:22:42","date_gmt":"2025-07-01T11:22:42","guid":{"rendered":"https:\/\/www.annamariajung.com\/?page_id=2190"},"modified":"2025-09-15T08:21:30","modified_gmt":"2025-09-15T08:21:30","slug":"hire-me-commercial","status":"publish","type":"page","link":"https:\/\/www.annamariajung.com\/de\/hire-me-commercial\/","title":{"rendered":"Auftr\u00e4ge - Kommerziell"},"content":{"rendered":"<h3><strong>Kostenkalkulation (kurze Version)<\/strong><\/h3>\n<p>Der Gesamtpreis einer Illustration setzt sich aus zwei Hauptkomponenten zusammen:<\/p>\n<ol>\n<li>\n<h4><strong> Illustrationspreis = Arbeitsaufwand + Nutzungsrechte<\/strong><\/h4>\n<\/li>\n<\/ol>\n<ul>\n<li class=\"translation-block\"><strong>Arbeitsaufwand:<\/strong> Berechnet auf Basis meines Stundensatzes (105\u202f\u20ac\/Stunde brutto)\nNutzungsrechte: Fallen nur bei kommerziellen Auftr\u00e4gen an und richten sich nach der geplanten Verwendung der Illustration.<\/li>\n<li class=\"translation-block\"><strong>Nutzungsrechte:<\/strong> Fallen nur bei kommerziellen Auftr\u00e4gen an und richten sich nach der geplanten Verwendung der Illustration.<\/li>\n<\/ul>\n<ol start=\"2\">\n<li>\n<h4><strong> Nutzungsrechte<\/strong><\/h4>\n<\/li>\n<\/ol>\n<p class=\"translation-block\">Die Nutzungsrechte werden anhand eines standardisierten Tools der <strong>Illustratoren Organisation e.V.<\/strong> berechnet. Der Gesamtpreis wird dabei entsprechend den gew\u00e4hlten Nutzungsarten angepasst.<\/p>\n<ul>\n<li>Je umfangreicher die Nutzungsrechte, desto h\u00f6her der Gesamtpreis.<\/li>\n<li class=\"translation-block\">Die Nutzungsrechte k\u00f6nnen jederzeit <strong>erweitert <\/strong>werden.<\/li>\n<li class=\"translation-block\">Bei einer bestimmten Anzahl vom Illustrationen biete ich <strong>Paketpreise<\/strong> an.<\/li>\n<li class=\"translation-block\">Auf Wunsch erstelle ich gerne mehrere Angebote f\u00fcr unterschiedliche Nutzungsszenarien<\/li>\n<\/ul>\n<h3><strong>Detaillierte Erkl\u00e4rung<\/strong><\/h3>\n<h4 data-start=\"786\" data-end=\"805\"><strong data-start=\"790\" data-end=\"805\">1.Arbeitsaufwand (Work Fee)<\/strong><\/h4>\n<p data-start=\"807\" data-end=\"911\">Basierend auf deinem Briefing sch\u00e4tze ich, wie viele Stunden die Illustration in Anspruch nehmen wird. In diesem Schritt kl\u00e4ren wir gemeinsam:<\/p>\n<ul>\n<li data-start=\"914\" data-end=\"919\">Stil<\/li>\n<li data-start=\"922\" data-end=\"932\">Komplexit\u00e4t<\/li>\n<li data-start=\"935\" data-end=\"958\">Anzahl der Illustrationen<\/li>\n<li data-start=\"961\" data-end=\"983\">Sonstige relevante Details<\/li>\n<\/ul>\n<p data-start=\"985\" data-end=\"1039\" class=\"translation-block\"><strong>Berechnung:<\/strong>\nGesch\u00e4tzte Stunden \u00d7 105\u202f\u20ac\/Stunde (brutto)<\/p>\n<ol start=\"2\">\n<li>\n<h4><strong> Nutzungsrechte<\/strong><\/h4>\n<\/li>\n<\/ol>\n<p class=\"translation-block\">Bei <strong>kommerziellen Projekten<\/strong> kommt zus\u00e4tzlich eine Nutzungsrechtsgeb\u00fchr hinzu. Diese Geb\u00fchr berechtigt den Auftraggeber, die Illustration auf eine bestimmte Weise zu verwenden.<\/p>\n<p>Zur Berechnung dieser Geb\u00fchr nutze ich ein Modell, das sich nachfolgenden Faktoren richtet:<\/p>\n<h3><strong>Nutzungsrechte - Parameter &amp; Erkl\u00e4rung<\/strong><\/h3>\n<p data-start=\"159\" data-end=\"287\" class=\"translation-block\">Wenn eine Illustration f\u00fcr kommerzielle Zwecke in Auftrag gegeben wird, berechnet sich die <strong>Nutzungsrechtsgeb\u00fchr<\/strong> anhand der folgenden Parameter:<\/p>\n<h4 data-start=\"289\" data-end=\"311\"><strong data-start=\"293\" data-end=\"311\">1. Exklusivit\u00e4t<\/strong><\/h4>\n<ul>\n<li data-start=\"314\" data-end=\"430\" class=\"translation-block\">Exklusiv: Nur du darfst die Illustration f\u00fcr den vereinbarten Zweck nutzen. Ich werde sie nicht anderweitig lizenzieren oder verwenden. Seit 2025 vergebe ich ausschlie\u00dflich exklusive Nutzungsrechte.<\/li>\n<\/ul>\n<h4 data-start=\"614\" data-end=\"631\"><strong data-start=\"618\" data-end=\"631\">2. Region<\/strong><\/h4>\n<ul>\n<li data-start=\"634\" data-end=\"732\" class=\"translation-block\"><strong>Wo<\/strong> die Illustration verwendet wird: Lokal (z.\u202fB. Stadt), national oder weltweit \u2013 bei Online-Nutzung gilt automatisch \u201eweltweit\u201c.<\/li>\n<\/ul>\n<h4 data-start=\"789\" data-end=\"808\"><strong data-start=\"793\" data-end=\"808\">3. Dauer<\/strong><\/h4>\n<ul>\n<li data-start=\"811\" data-end=\"907\" class=\"translation-block\"><strong>Wie lange<\/strong> die Rechte gelten: \u00dcblich sind 1 Jahr, 3 Jahre, 5 Jahre oder unbegrenzt.<\/li>\n<\/ul>\n<h4 data-start=\"909\" data-end=\"925\"><strong data-start=\"913\" data-end=\"925\">4. Medien<\/strong><\/h4>\n<ul>\n<li data-start=\"928\" data-end=\"1084\" class=\"translation-block\"><strong>In welchen Medien<\/strong> die Illustration erscheint, z.\u202fB.:\nPrint, Online (Web, Social Media, digitale Werbung), Apps, TV, Au\u00dfenwerbung usw.<\/li>\n<\/ul>\n<h4 data-start=\"1086\" data-end=\"1103\"><strong data-start=\"1090\" data-end=\"1103\">5. Extras<\/strong><\/h4>\n<ul>\n<li data-start=\"1106\" data-end=\"1146\">Zus\u00e4tzliche oder erweiterte Nutzung:\n<ul>\n<li data-start=\"1151\" data-end=\"1166\"><strong data-start=\"1151\" data-end=\"1166\">Merchandise<\/strong><\/li>\n<li data-start=\"1171\" data-end=\"1196\"><strong data-start=\"1171\" data-end=\"1196\">Lizenzierung an Dritte<\/strong><\/li>\n<li data-start=\"1201\" data-end=\"1218\"><strong data-start=\"1201\" data-end=\"1218\">Weiterverkaufsrechte<\/strong><\/li>\n<li data-start=\"1223\" data-end=\"1239\"><strong data-start=\"1223\" data-end=\"1231\">NFTs<\/strong>, etc.<\/li>\n<\/ul>\n<\/li>\n<\/ul>\n<p>\u00a0<\/p>","protected":false},"excerpt":{"rendered":"<p>Pricing Overview (Short Version) The total price for an illustration consists of two main components: Illustration Price = Work Fee + Usage Rights Fee Work Fee: Based on my hourly rate (\u20ac105 gross\/hour) Usage Rights Fee: Based on how the illustration will be used (only applies to commercial commissions) The Usage Rights Fee This is [&hellip;]<\/p>\n","protected":false},"author":1,"featured_media":0,"parent":0,"menu_order":0,"comment_status":"closed","ping_status":"closed","template":"","meta":{"footnotes":""},"class_list":["post-2190","page","type-page","status-publish","hentry"],"_links":{"self":[{"href":"https:\/\/www.annamariajung.com\/de\/wp-json\/wp\/v2\/pages\/2190","targetHints":{"allow":["GET"]}}],"collection":[{"href":"https:\/\/www.annamariajung.com\/de\/wp-json\/wp\/v2\/pages"}],"about":[{"href":"https:\/\/www.annamariajung.com\/de\/wp-json\/wp\/v2\/types\/page"}],"author":[{"embeddable":true,"href":"https:\/\/www.annamariajung.com\/de\/wp-json\/wp\/v2\/users\/1"}],"replies":[{"embeddable":true,"href":"https:\/\/www.annamariajung.com\/de\/wp-json\/wp\/v2\/comments?post=2190"}],"version-history":[{"count":24,"href":"https:\/\/www.annamariajung.com\/de\/wp-json\/wp\/v2\/pages\/2190\/revisions"}],"predecessor-version":[{"id":2513,"href":"https:\/\/www.annamariajung.com\/de\/wp-json\/wp\/v2\/pages\/2190\/revisions\/2513"}],"wp:attachment":[{"href":"https:\/\/www.annamariajung.com\/de\/wp-json\/wp\/v2\/media?parent=2190"}],"curies":[{"name":"wp","href":"https:\/\/api.w.org\/{rel}","templated":true}]}}