{"id":1885,"date":"2024-08-26T12:14:14","date_gmt":"2024-08-26T12:14:14","guid":{"rendered":"https:\/\/www.annamariajung.com\/?page_id=1885"},"modified":"2024-08-26T12:16:50","modified_gmt":"2024-08-26T12:16:50","slug":"the-most-dangerous-book","status":"publish","type":"page","link":"https:\/\/www.annamariajung.com\/de\/the-most-dangerous-book\/","title":{"rendered":"The Most Dangerous Book"},"content":{"rendered":"<p class=\"translation-block\">\u201c<a href=\"\/de\/_wp_link_placeholder\/\" data-wplink-edit=\"true\" target=\"_self\">The Most Dangerous Book: Archery<\/a>\u201d (2017) ist ein Kindersachbuch \u00fcber die Geschichte des Bogenschie\u00dfens, geschrieben von Daniel Nayeri f\u00fcr Workman Publishing.\nDieses Buch war mein erstes Projekt im Bereich der Kinderbuchillustration \u2013 und ich habe jede Menge Spa\u00df dabei. \n\nDer Artdirector gab mir die Freiheit, verr\u00fcckte Kampfszenen mit auch teilweise dunklem Humor zu illustrieren, und diese Freiheit bei dem Projekt war sehr wertvoll. Insgesamt entstanden dabei rund 90 Spot-Illustrationen sowie einige Doppelseiten.<\/p>\n<p><a href=\"https:\/\/www.annamariajung.com\/de\/clients-2\/\">Back to clients page.<\/a><\/p>\n<div id='gallery-1' class='gallery galleryid-1885 gallery-columns-4 gallery-size-thumbnail'><figure class='gallery-item'>\n\t\t\t<div class='gallery-icon landscape'>\n\t\t\t\t<a href='https:\/\/www.annamariajung.com\/de\/the-most-dangerous-book\/tmdb-battle-of-agincourt\/'><img loading=\"lazy\" decoding=\"async\" width=\"300\" height=\"300\" src=\"https:\/\/www.annamariajung.com\/wp-content\/uploads\/2024\/08\/TMDB-Battle-Of-Agincourt-300x300.jpg\" class=\"attachment-thumbnail size-thumbnail\" alt=\"\" \/><\/a>\n\t\t\t<\/div><\/figure><figure class='gallery-item'>\n\t\t\t<div class='gallery-icon landscape'>\n\t\t\t\t<a href='https:\/\/www.annamariajung.com\/de\/the-most-dangerous-book\/the-most-dangerous-book-cover\/'><img loading=\"lazy\" decoding=\"async\" width=\"300\" height=\"300\" src=\"https:\/\/www.annamariajung.com\/wp-content\/uploads\/2024\/08\/The-Most-Dangerous-Book-cover-300x300.jpg\" class=\"attachment-thumbnail size-thumbnail\" alt=\"\" \/><\/a>\n\t\t\t<\/div><\/figure><figure class='gallery-item'>\n\t\t\t<div class='gallery-icon landscape'>\n\t\t\t\t<a href='https:\/\/www.annamariajung.com\/de\/the-most-dangerous-book\/tmdb-battle-of-leibzig\/'><img loading=\"lazy\" decoding=\"async\" width=\"300\" height=\"300\" src=\"https:\/\/www.annamariajung.com\/wp-content\/uploads\/2024\/08\/TMDB-Battle-Of-Leibzig-300x300.jpg\" class=\"attachment-thumbnail size-thumbnail\" alt=\"\" \/><\/a>\n\t\t\t<\/div><\/figure><figure class='gallery-item'>\n\t\t\t<div class='gallery-icon landscape'>\n\t\t\t\t<a href='https:\/\/www.annamariajung.com\/de\/the-most-dangerous-book\/the-most-dangerous-book_final-back-cover\/'><img loading=\"lazy\" decoding=\"async\" width=\"300\" height=\"300\" src=\"https:\/\/www.annamariajung.com\/wp-content\/uploads\/2024\/08\/The-Most-Dangerous-Book_final-back-cover-300x300.jpg\" class=\"attachment-thumbnail size-thumbnail\" alt=\"\" \/><\/a>\n\t\t\t<\/div><\/figure><figure class='gallery-item'>\n\t\t\t<div class='gallery-icon landscape'>\n\t\t\t\t<a href='https:\/\/www.annamariajung.com\/de\/the-most-dangerous-book\/tmdb-1274-bc-battle-of-kadesh\/'><img loading=\"lazy\" decoding=\"async\" width=\"300\" height=\"300\" src=\"https:\/\/www.annamariajung.com\/wp-content\/uploads\/2024\/08\/TMDB-1274-BC-Battle-of-Kadesh-300x300.jpg\" class=\"attachment-thumbnail size-thumbnail\" alt=\"\" \/><\/a>\n\t\t\t<\/div><\/figure><figure class='gallery-item'>\n\t\t\t<div class='gallery-icon landscape'>\n\t\t\t\t<a href='https:\/\/www.annamariajung.com\/de\/the-most-dangerous-book\/tmdb-battle-of-carrhae\/'><img loading=\"lazy\" decoding=\"async\" width=\"300\" height=\"300\" src=\"https:\/\/www.annamariajung.com\/wp-content\/uploads\/2024\/08\/TMDB-Battle-Of-Carrhae-300x300.jpg\" class=\"attachment-thumbnail size-thumbnail\" alt=\"\" \/><\/a>\n\t\t\t<\/div><\/figure><figure class='gallery-item'>\n\t\t\t<div class='gallery-icon landscape'>\n\t\t\t\t<a href='https:\/\/www.annamariajung.com\/de\/the-most-dangerous-book\/tmdb-artemis\/'><img loading=\"lazy\" decoding=\"async\" width=\"300\" height=\"300\" src=\"https:\/\/www.annamariajung.com\/wp-content\/uploads\/2024\/08\/TMDB-Artemis-300x300.jpg\" class=\"attachment-thumbnail size-thumbnail\" alt=\"\" \/><\/a>\n\t\t\t<\/div><\/figure><figure class='gallery-item'>\n\t\t\t<div class='gallery-icon landscape'>\n\t\t\t\t<a href='https:\/\/www.annamariajung.com\/de\/the-most-dangerous-book\/tmdb-redcliffs\/'><img loading=\"lazy\" decoding=\"async\" width=\"300\" height=\"300\" src=\"https:\/\/www.annamariajung.com\/wp-content\/uploads\/2024\/08\/TMDB-Redcliffs-300x300.jpg\" class=\"attachment-thumbnail size-thumbnail\" alt=\"\" \/><\/a>\n\t\t\t<\/div><\/figure><figure class='gallery-item'>\n\t\t\t<div class='gallery-icon landscape'>\n\t\t\t\t<a href='https:\/\/www.annamariajung.com\/de\/the-most-dangerous-book\/tmdb-robinhoods\/'><img loading=\"lazy\" decoding=\"async\" width=\"300\" height=\"300\" src=\"https:\/\/www.annamariajung.com\/wp-content\/uploads\/2024\/08\/TMDB-Robinhoods-300x300.jpg\" class=\"attachment-thumbnail size-thumbnail\" alt=\"\" \/><\/a>\n\t\t\t<\/div><\/figure><figure class='gallery-item'>\n\t\t\t<div class='gallery-icon landscape'>\n\t\t\t\t<a href='https:\/\/www.annamariajung.com\/de\/the-most-dangerous-book\/tmdb-scythians\/'><img loading=\"lazy\" decoding=\"async\" width=\"300\" height=\"300\" src=\"https:\/\/www.annamariajung.com\/wp-content\/uploads\/2024\/08\/TMDB-Scythians-300x300.jpg\" class=\"attachment-thumbnail size-thumbnail\" alt=\"\" \/><\/a>\n\t\t\t<\/div><\/figure><figure class='gallery-item'>\n\t\t\t<div class='gallery-icon landscape'>\n\t\t\t\t<a href='https:\/\/www.annamariajung.com\/de\/the-most-dangerous-book\/tmdb-shang-chariots\/'><img loading=\"lazy\" decoding=\"async\" width=\"300\" height=\"300\" src=\"https:\/\/www.annamariajung.com\/wp-content\/uploads\/2024\/08\/TMDB-shang-chariots-300x300.jpg\" class=\"attachment-thumbnail size-thumbnail\" alt=\"\" \/><\/a>\n\t\t\t<\/div><\/figure>\n\t\t<\/div>","protected":false},"excerpt":{"rendered":"<p>&#8220;The Most Dangerous Book: Archery\u201d (2017) is a children&#8217;s non-fiction book about the history of archery, written by Daniel Nayeri for Workman Publishing. This was my first children&#8217;s book project, and I enjoyed every moment of it. The art directors gave me the freedom to draw crazy battle scenes and quirky historical characters, allowing me [&hellip;]<\/p>\n","protected":false},"author":1,"featured_media":0,"parent":0,"menu_order":0,"comment_status":"closed","ping_status":"closed","template":"","meta":{"footnotes":""},"class_list":["post-1885","page","type-page","status-publish","hentry"],"_links":{"self":[{"href":"https:\/\/www.annamariajung.com\/de\/wp-json\/wp\/v2\/pages\/1885","targetHints":{"allow":["GET"]}}],"collection":[{"href":"https:\/\/www.annamariajung.com\/de\/wp-json\/wp\/v2\/pages"}],"about":[{"href":"https:\/\/www.annamariajung.com\/de\/wp-json\/wp\/v2\/types\/page"}],"author":[{"embeddable":true,"href":"https:\/\/www.annamariajung.com\/de\/wp-json\/wp\/v2\/users\/1"}],"replies":[{"embeddable":true,"href":"https:\/\/www.annamariajung.com\/de\/wp-json\/wp\/v2\/comments?post=1885"}],"version-history":[{"count":2,"href":"https:\/\/www.annamariajung.com\/de\/wp-json\/wp\/v2\/pages\/1885\/revisions"}],"predecessor-version":[{"id":1899,"href":"https:\/\/www.annamariajung.com\/de\/wp-json\/wp\/v2\/pages\/1885\/revisions\/1899"}],"wp:attachment":[{"href":"https:\/\/www.annamariajung.com\/de\/wp-json\/wp\/v2\/media?parent=1885"}],"curies":[{"name":"wp","href":"https:\/\/api.w.org\/{rel}","templated":true}]}}