{"id":1870,"date":"2024-08-26T11:49:57","date_gmt":"2024-08-26T11:49:57","guid":{"rendered":"https:\/\/www.annamariajung.com\/?page_id=1870"},"modified":"2024-08-26T12:16:55","modified_gmt":"2024-08-26T12:16:55","slug":"turn-this-book-into-a-beehive","status":"publish","type":"page","link":"https:\/\/www.annamariajung.com\/de\/turn-this-book-into-a-beehive\/","title":{"rendered":"Turn This Book Into A Beehive"},"content":{"rendered":"<p class=\"translation-block\">\u201c<a href=\"\/de\/_wp_link_placeholder\/\" data-wplink-edit=\"true\" target=\"_self\">Turn This Book Into a Beehive!<\/a>\u201d (2018) ist ein Kindersachbuch \u00fcber Bienen, geschrieben von Lynn Brunelle f\u00fcr Workman Publishing. F\u00fcr dieses Projekt habe ich rund 100 Spot-Illustrationen, mehrere Doppelseiten und das Cover gestaltet. \nIch hatte sehr viel Spa\u00df dabei, allerlei niedliche und liebenswerte kleine Bienen zu zeichnen.<\/p>\n<p><a href=\"https:\/\/www.annamariajung.com\/de\/clients-2\/\">Back to clients page.<\/a><\/p>\n<div id='gallery-1' class='gallery galleryid-1870 gallery-columns-4 gallery-size-thumbnail'><figure class='gallery-item'>\n\t\t\t<div class='gallery-icon portrait'>\n\t\t\t\t<a href='https:\/\/www.annamariajung.com\/de\/turn-this-book-into-a-beehive\/turn-this-book-into-a-beehive_final-front-cover\/'><img loading=\"lazy\" decoding=\"async\" width=\"300\" height=\"300\" src=\"https:\/\/www.annamariajung.com\/wp-content\/uploads\/2024\/08\/Turn-this-book-into-a-beehive_final-front-cover-300x300.png\" class=\"attachment-thumbnail size-thumbnail\" alt=\"\" \/><\/a>\n\t\t\t<\/div><\/figure><figure class='gallery-item'>\n\t\t\t<div class='gallery-icon landscape'>\n\t\t\t\t<a href='https:\/\/www.annamariajung.com\/de\/turn-this-book-into-a-beehive\/turn-this-book-into-a-beehive-winter-hive\/'><img loading=\"lazy\" decoding=\"async\" width=\"300\" height=\"300\" src=\"https:\/\/www.annamariajung.com\/wp-content\/uploads\/2024\/08\/Turn-This-Book-Into-A-Beehive-winter-hive-300x300.jpg\" class=\"attachment-thumbnail size-thumbnail\" alt=\"\" \/><\/a>\n\t\t\t<\/div><\/figure><figure class='gallery-item'>\n\t\t\t<div class='gallery-icon portrait'>\n\t\t\t\t<a href='https:\/\/www.annamariajung.com\/de\/turn-this-book-into-a-beehive\/turn-this-book-into-a-beehive-attraction\/'><img loading=\"lazy\" decoding=\"async\" width=\"300\" height=\"300\" src=\"https:\/\/www.annamariajung.com\/wp-content\/uploads\/2024\/08\/Turn-This-Book-Into-A-Beehive-attraction-300x300.jpg\" class=\"attachment-thumbnail size-thumbnail\" alt=\"\" \/><\/a>\n\t\t\t<\/div><\/figure><figure class='gallery-item'>\n\t\t\t<div class='gallery-icon landscape'>\n\t\t\t\t<a href='https:\/\/www.annamariajung.com\/de\/turn-this-book-into-a-beehive\/turn-this-book-into-a-beehive-summer-hive\/'><img loading=\"lazy\" decoding=\"async\" width=\"300\" height=\"300\" src=\"https:\/\/www.annamariajung.com\/wp-content\/uploads\/2024\/08\/Turn-This-Book-Into-A-Beehive-summer-hive-300x300.jpg\" class=\"attachment-thumbnail size-thumbnail\" alt=\"\" \/><\/a>\n\t\t\t<\/div><\/figure><figure class='gallery-item'>\n\t\t\t<div class='gallery-icon portrait'>\n\t\t\t\t<a href='https:\/\/www.annamariajung.com\/de\/turn-this-book-into-a-beehive\/turn-this-book-into-a-beehive-honey-02\/'><img loading=\"lazy\" decoding=\"async\" width=\"300\" height=\"300\" src=\"https:\/\/www.annamariajung.com\/wp-content\/uploads\/2024\/08\/Turn-This-Book-Into-A-Beehive-honey-02-300x300.jpg\" class=\"attachment-thumbnail size-thumbnail\" alt=\"\" \/><\/a>\n\t\t\t<\/div><\/figure><figure class='gallery-item'>\n\t\t\t<div class='gallery-icon landscape'>\n\t\t\t\t<a href='https:\/\/www.annamariajung.com\/de\/turn-this-book-into-a-beehive\/turn-this-book-into-a-beehive-honey\/'><img loading=\"lazy\" decoding=\"async\" width=\"300\" height=\"300\" src=\"https:\/\/www.annamariajung.com\/wp-content\/uploads\/2024\/08\/Turn-This-Book-Into-A-Beehive-honey-300x300.jpg\" class=\"attachment-thumbnail size-thumbnail\" alt=\"\" \/><\/a>\n\t\t\t<\/div><\/figure><figure class='gallery-item'>\n\t\t\t<div class='gallery-icon landscape'>\n\t\t\t\t<a href='https:\/\/www.annamariajung.com\/de\/turn-this-book-into-a-beehive\/turn-this-book-into-a-beehive-prehistoric\/'><img loading=\"lazy\" decoding=\"async\" width=\"300\" height=\"300\" src=\"https:\/\/www.annamariajung.com\/wp-content\/uploads\/2024\/08\/Turn-This-Book-Into-A-Beehive-prehistoric-300x300.jpg\" class=\"attachment-thumbnail size-thumbnail\" alt=\"\" \/><\/a>\n\t\t\t<\/div><\/figure><figure class='gallery-item'>\n\t\t\t<div class='gallery-icon landscape'>\n\t\t\t\t<a href='https:\/\/www.annamariajung.com\/de\/turn-this-book-into-a-beehive\/turn-this-book-into-a-beehive-wasp\/'><img loading=\"lazy\" decoding=\"async\" width=\"300\" height=\"300\" src=\"https:\/\/www.annamariajung.com\/wp-content\/uploads\/2024\/08\/Turn-This-Book-Into-A-Beehive-wasp-300x300.jpg\" class=\"attachment-thumbnail size-thumbnail\" alt=\"\" \/><\/a>\n\t\t\t<\/div><\/figure><figure class='gallery-item'>\n\t\t\t<div class='gallery-icon landscape'>\n\t\t\t\t<a href='https:\/\/www.annamariajung.com\/de\/turn-this-book-into-a-beehive\/turn-this-book-into-a-beehive_excerpt-01\/'><img loading=\"lazy\" decoding=\"async\" width=\"300\" height=\"300\" src=\"https:\/\/www.annamariajung.com\/wp-content\/uploads\/2024\/08\/Turn-this-book-into-a-beehive_excerpt-01-300x300.jpg\" class=\"attachment-thumbnail size-thumbnail\" alt=\"\" \/><\/a>\n\t\t\t<\/div><\/figure>\n\t\t<\/div>","protected":false},"excerpt":{"rendered":"<p>&#8220;Turn This Book Into a Beehive!&#8221; (2018) is a children&#8217;s non-fiction book about bees, written by Lynn Brunelle for Workman Publishing. For this project, I created around 100 spot illustrations, several spreads, and the cover. It was a delightful opportunity to draw all kinds of cute and adorable little bees. Back to clients page.<\/p>","protected":false},"author":1,"featured_media":0,"parent":0,"menu_order":0,"comment_status":"closed","ping_status":"closed","template":"","meta":{"footnotes":""},"class_list":["post-1870","page","type-page","status-publish","hentry"],"_links":{"self":[{"href":"https:\/\/www.annamariajung.com\/de\/wp-json\/wp\/v2\/pages\/1870","targetHints":{"allow":["GET"]}}],"collection":[{"href":"https:\/\/www.annamariajung.com\/de\/wp-json\/wp\/v2\/pages"}],"about":[{"href":"https:\/\/www.annamariajung.com\/de\/wp-json\/wp\/v2\/types\/page"}],"author":[{"embeddable":true,"href":"https:\/\/www.annamariajung.com\/de\/wp-json\/wp\/v2\/users\/1"}],"replies":[{"embeddable":true,"href":"https:\/\/www.annamariajung.com\/de\/wp-json\/wp\/v2\/comments?post=1870"}],"version-history":[{"count":3,"href":"https:\/\/www.annamariajung.com\/de\/wp-json\/wp\/v2\/pages\/1870\/revisions"}],"predecessor-version":[{"id":1900,"href":"https:\/\/www.annamariajung.com\/de\/wp-json\/wp\/v2\/pages\/1870\/revisions\/1900"}],"wp:attachment":[{"href":"https:\/\/www.annamariajung.com\/de\/wp-json\/wp\/v2\/media?parent=1870"}],"curies":[{"name":"wp","href":"https:\/\/api.w.org\/{rel}","templated":true}]}}