{"id":1660,"date":"2024-08-22T09:54:56","date_gmt":"2024-08-22T09:54:56","guid":{"rendered":"https:\/\/www.annamariajung.com\/?page_id=1660"},"modified":"2025-07-14T10:38:28","modified_gmt":"2025-07-14T10:38:28","slug":"licensing","status":"publish","type":"page","link":"https:\/\/www.annamariajung.com\/de\/licensing\/","title":{"rendered":"Licensing"},"content":{"rendered":"<p class=\"translation-block\">Im Jahr 2009 begann ich, niedliche und nerdige Illustrationen f\u00fcr den Lizenzmarkt zu gestalten \u2013 mit einem Schwerpunkt auf T-Shirt-Designs f\u00fcr US-Unternehmen wie Threadless, Teefury und Shirtwoot. Seitdem habe ich \u00fcber 250 Designs f\u00fcr diesen Markt illustriert.\nMeine Arbeiten wurden hunderttausendfach gedruckt, und ich hatte sogar schon \u00f6fter das Erlebnis, Menschen auf der ganzen Welt zuf\u00e4llig mit meinen Motiven auf ihren T-Shirts zu begegnen.\nDiese Branche hat mir sehr viel \u00fcber Gestaltungsprinzipien beigebracht \u2013 und dar\u00fcber hinaus, wie wichtig es ist, seine Zielgruppe zu verstehen, ohne dabei die eigene kreative Vision aus den Augen zu verlieren.\n\nClick oben im Men\u00fc auf \"Shop\" um diese Designs auf Produkten zu bekommen.<\/p>\n<div id='gallery-1' class='gallery galleryid-1660 gallery-columns-5 gallery-size-thumbnail'><figure class='gallery-item'>\n\t\t\t<div class='gallery-icon portrait'>\n\t\t\t\t<a href='https:\/\/www.annamariajung.com\/de\/licensing\/wizardly-shenanigans-2\/'><img loading=\"lazy\" decoding=\"async\" width=\"300\" height=\"300\" src=\"https:\/\/www.annamariajung.com\/wp-content\/uploads\/2024\/08\/Wizardly-Shenanigans-300x300.jpg\" class=\"attachment-thumbnail size-thumbnail\" alt=\"\" \/><\/a>\n\t\t\t<\/div><\/figure><figure class='gallery-item'>\n\t\t\t<div class='gallery-icon portrait'>\n\t\t\t\t<a href='https:\/\/www.annamariajung.com\/de\/licensing\/the-pawbbit\/'><img loading=\"lazy\" decoding=\"async\" width=\"300\" height=\"300\" src=\"https:\/\/www.annamariajung.com\/wp-content\/uploads\/2024\/08\/The-PAWbbit-300x300.jpg\" class=\"attachment-thumbnail size-thumbnail\" alt=\"\" \/><\/a>\n\t\t\t<\/div><\/figure><figure class='gallery-item'>\n\t\t\t<div class='gallery-icon landscape'>\n\t\t\t\t<a href='https:\/\/www.annamariajung.com\/de\/licensing\/the-big-meoski\/'><img loading=\"lazy\" decoding=\"async\" width=\"300\" height=\"300\" src=\"https:\/\/www.annamariajung.com\/wp-content\/uploads\/2024\/08\/The-Big-Meoski-300x300.jpg\" class=\"attachment-thumbnail size-thumbnail\" alt=\"\" srcset=\"https:\/\/www.annamariajung.com\/wp-content\/uploads\/2024\/08\/The-Big-Meoski-300x300.jpg 300w, https:\/\/www.annamariajung.com\/wp-content\/uploads\/2024\/08\/The-Big-Meoski-450x450.jpg 450w, https:\/\/www.annamariajung.com\/wp-content\/uploads\/2024\/08\/The-Big-Meoski-690x690.jpg 690w, https:\/\/www.annamariajung.com\/wp-content\/uploads\/2024\/08\/The-Big-Meoski.jpg 700w\" sizes=\"auto, (max-width: 300px) 100vw, 300px\" \/><\/a>\n\t\t\t<\/div><\/figure><figure class='gallery-item'>\n\t\t\t<div class='gallery-icon landscape'>\n\t\t\t\t<a href='https:\/\/www.annamariajung.com\/de\/licensing\/stop-shaming-t-rex\/'><img loading=\"lazy\" decoding=\"async\" width=\"300\" height=\"300\" src=\"https:\/\/www.annamariajung.com\/wp-content\/uploads\/2024\/08\/Stop-Shaming-T-Rex-300x300.jpg\" class=\"attachment-thumbnail size-thumbnail\" alt=\"\" srcset=\"https:\/\/www.annamariajung.com\/wp-content\/uploads\/2024\/08\/Stop-Shaming-T-Rex-300x300.jpg 300w, https:\/\/www.annamariajung.com\/wp-content\/uploads\/2024\/08\/Stop-Shaming-T-Rex-450x450.jpg 450w, https:\/\/www.annamariajung.com\/wp-content\/uploads\/2024\/08\/Stop-Shaming-T-Rex-690x690.jpg 690w, https:\/\/www.annamariajung.com\/wp-content\/uploads\/2024\/08\/Stop-Shaming-T-Rex.jpg 700w\" sizes=\"auto, (max-width: 300px) 100vw, 300px\" \/><\/a>\n\t\t\t<\/div><\/figure><figure class='gallery-item'>\n\t\t\t<div class='gallery-icon landscape'>\n\t\t\t\t<a href='https:\/\/www.annamariajung.com\/de\/licensing\/science-yay\/'><img loading=\"lazy\" decoding=\"async\" width=\"300\" height=\"300\" src=\"https:\/\/www.annamariajung.com\/wp-content\/uploads\/2024\/08\/Science-Yay-300x300.jpg\" class=\"attachment-thumbnail size-thumbnail\" alt=\"\" srcset=\"https:\/\/www.annamariajung.com\/wp-content\/uploads\/2024\/08\/Science-Yay-300x300.jpg 300w, https:\/\/www.annamariajung.com\/wp-content\/uploads\/2024\/08\/Science-Yay-450x450.jpg 450w, https:\/\/www.annamariajung.com\/wp-content\/uploads\/2024\/08\/Science-Yay-690x690.jpg 690w, https:\/\/www.annamariajung.com\/wp-content\/uploads\/2024\/08\/Science-Yay.jpg 700w\" sizes=\"auto, (max-width: 300px) 100vw, 300px\" \/><\/a>\n\t\t\t<\/div><\/figure><figure class='gallery-item'>\n\t\t\t<div class='gallery-icon portrait'>\n\t\t\t\t<a href='https:\/\/www.annamariajung.com\/de\/licensing\/sanity-fails\/'><img loading=\"lazy\" decoding=\"async\" width=\"300\" height=\"300\" src=\"https:\/\/www.annamariajung.com\/wp-content\/uploads\/2024\/08\/Sanity-Fails-300x300.jpg\" class=\"attachment-thumbnail size-thumbnail\" alt=\"\" \/><\/a>\n\t\t\t<\/div><\/figure><figure class='gallery-item'>\n\t\t\t<div class='gallery-icon landscape'>\n\t\t\t\t<a href='https:\/\/www.annamariajung.com\/de\/licensing\/rivia-falls\/'><img loading=\"lazy\" decoding=\"async\" width=\"300\" height=\"300\" src=\"https:\/\/www.annamariajung.com\/wp-content\/uploads\/2024\/08\/Rivia-Falls-300x300.jpg\" class=\"attachment-thumbnail size-thumbnail\" alt=\"\" srcset=\"https:\/\/www.annamariajung.com\/wp-content\/uploads\/2024\/08\/Rivia-Falls-300x300.jpg 300w, https:\/\/www.annamariajung.com\/wp-content\/uploads\/2024\/08\/Rivia-Falls-450x450.jpg 450w, https:\/\/www.annamariajung.com\/wp-content\/uploads\/2024\/08\/Rivia-Falls-690x690.jpg 690w, https:\/\/www.annamariajung.com\/wp-content\/uploads\/2024\/08\/Rivia-Falls.jpg 700w\" sizes=\"auto, (max-width: 300px) 100vw, 300px\" \/><\/a>\n\t\t\t<\/div><\/figure><figure class='gallery-item'>\n\t\t\t<div class='gallery-icon portrait'>\n\t\t\t\t<a href='https:\/\/www.annamariajung.com\/de\/licensing\/procatstination-3\/'><img loading=\"lazy\" decoding=\"async\" width=\"300\" height=\"300\" src=\"https:\/\/www.annamariajung.com\/wp-content\/uploads\/2024\/08\/Procatstination-300x300.jpg\" class=\"attachment-thumbnail size-thumbnail\" alt=\"\" \/><\/a>\n\t\t\t<\/div><\/figure><figure class='gallery-item'>\n\t\t\t<div class='gallery-icon landscape'>\n\t\t\t\t<a href='https:\/\/www.annamariajung.com\/de\/licensing\/praise-cthulhu\/'><img loading=\"lazy\" decoding=\"async\" width=\"300\" height=\"300\" src=\"https:\/\/www.annamariajung.com\/wp-content\/uploads\/2024\/08\/Praise-Cthulhu-300x300.jpg\" class=\"attachment-thumbnail size-thumbnail\" alt=\"\" srcset=\"https:\/\/www.annamariajung.com\/wp-content\/uploads\/2024\/08\/Praise-Cthulhu-300x300.jpg 300w, https:\/\/www.annamariajung.com\/wp-content\/uploads\/2024\/08\/Praise-Cthulhu-450x450.jpg 450w, https:\/\/www.annamariajung.com\/wp-content\/uploads\/2024\/08\/Praise-Cthulhu-690x690.jpg 690w, https:\/\/www.annamariajung.com\/wp-content\/uploads\/2024\/08\/Praise-Cthulhu.jpg 700w\" sizes=\"auto, (max-width: 300px) 100vw, 300px\" \/><\/a>\n\t\t\t<\/div><\/figure><figure class='gallery-item'>\n\t\t\t<div class='gallery-icon portrait'>\n\t\t\t\t<a href='https:\/\/www.annamariajung.com\/de\/licensing\/pawlek\/'><img loading=\"lazy\" decoding=\"async\" width=\"300\" height=\"300\" src=\"https:\/\/www.annamariajung.com\/wp-content\/uploads\/2024\/08\/PAWlek-300x300.jpg\" class=\"attachment-thumbnail size-thumbnail\" alt=\"\" \/><\/a>\n\t\t\t<\/div><\/figure><figure class='gallery-item'>\n\t\t\t<div class='gallery-icon portrait'>\n\t\t\t\t<a href='https:\/\/www.annamariajung.com\/de\/licensing\/ninjas-vs-dinosaurs-2\/'><img loading=\"lazy\" decoding=\"async\" width=\"300\" height=\"300\" src=\"https:\/\/www.annamariajung.com\/wp-content\/uploads\/2024\/08\/Ninjas-Vs-Dinosaurs-300x300.jpg\" class=\"attachment-thumbnail size-thumbnail\" alt=\"\" \/><\/a>\n\t\t\t<\/div><\/figure><figure class='gallery-item'>\n\t\t\t<div class='gallery-icon portrait'>\n\t\t\t\t<a href='https:\/\/www.annamariajung.com\/de\/licensing\/nature-its-terrifying\/'><img loading=\"lazy\" decoding=\"async\" width=\"300\" height=\"300\" src=\"https:\/\/www.annamariajung.com\/wp-content\/uploads\/2024\/08\/Nature-Its-terrifying-300x300.jpg\" class=\"attachment-thumbnail size-thumbnail\" alt=\"\" \/><\/a>\n\t\t\t<\/div><\/figure><figure class='gallery-item'>\n\t\t\t<div class='gallery-icon landscape'>\n\t\t\t\t<a href='https:\/\/www.annamariajung.com\/de\/licensing\/meow-shall-not-paws\/'><img loading=\"lazy\" decoding=\"async\" width=\"300\" height=\"300\" src=\"https:\/\/www.annamariajung.com\/wp-content\/uploads\/2024\/08\/Meow-Shall-Not-Paws-300x300.jpg\" class=\"attachment-thumbnail size-thumbnail\" alt=\"\" \/><\/a>\n\t\t\t<\/div><\/figure><figure class='gallery-item'>\n\t\t\t<div class='gallery-icon landscape'>\n\t\t\t\t<a href='https:\/\/www.annamariajung.com\/de\/licensing\/make-lovecraft-not-war\/'><img loading=\"lazy\" decoding=\"async\" width=\"300\" height=\"300\" src=\"https:\/\/www.annamariajung.com\/wp-content\/uploads\/2024\/08\/Make-Lovecraft-not-war-300x300.jpg\" class=\"attachment-thumbnail size-thumbnail\" alt=\"\" srcset=\"https:\/\/www.annamariajung.com\/wp-content\/uploads\/2024\/08\/Make-Lovecraft-not-war-300x300.jpg 300w, https:\/\/www.annamariajung.com\/wp-content\/uploads\/2024\/08\/Make-Lovecraft-not-war-450x450.jpg 450w, https:\/\/www.annamariajung.com\/wp-content\/uploads\/2024\/08\/Make-Lovecraft-not-war-690x690.jpg 690w, https:\/\/www.annamariajung.com\/wp-content\/uploads\/2024\/08\/Make-Lovecraft-not-war.jpg 700w\" sizes=\"auto, (max-width: 300px) 100vw, 300px\" \/><\/a>\n\t\t\t<\/div><\/figure><figure class='gallery-item'>\n\t\t\t<div class='gallery-icon landscape'>\n\t\t\t\t<a href='https:\/\/www.annamariajung.com\/de\/licensing\/magic-morning-potion\/'><img loading=\"lazy\" decoding=\"async\" width=\"300\" height=\"300\" src=\"https:\/\/www.annamariajung.com\/wp-content\/uploads\/2024\/08\/Magic-Morning-Potion-300x300.jpg\" class=\"attachment-thumbnail size-thumbnail\" alt=\"\" srcset=\"https:\/\/www.annamariajung.com\/wp-content\/uploads\/2024\/08\/Magic-Morning-Potion-300x300.jpg 300w, https:\/\/www.annamariajung.com\/wp-content\/uploads\/2024\/08\/Magic-Morning-Potion-450x450.jpg 450w, https:\/\/www.annamariajung.com\/wp-content\/uploads\/2024\/08\/Magic-Morning-Potion-690x690.jpg 690w, https:\/\/www.annamariajung.com\/wp-content\/uploads\/2024\/08\/Magic-Morning-Potion.jpg 700w\" sizes=\"auto, (max-width: 300px) 100vw, 300px\" \/><\/a>\n\t\t\t<\/div><\/figure><figure class='gallery-item'>\n\t\t\t<div class='gallery-icon portrait'>\n\t\t\t\t<a href='https:\/\/www.annamariajung.com\/de\/licensing\/league-of-scientists\/'><img loading=\"lazy\" decoding=\"async\" width=\"300\" height=\"300\" src=\"https:\/\/www.annamariajung.com\/wp-content\/uploads\/2024\/08\/League-of-Scientists-300x300.jpg\" class=\"attachment-thumbnail size-thumbnail\" alt=\"\" \/><\/a>\n\t\t\t<\/div><\/figure><figure class='gallery-item'>\n\t\t\t<div class='gallery-icon portrait'>\n\t\t\t\t<a href='https:\/\/www.annamariajung.com\/de\/licensing\/league-of-novelists\/'><img loading=\"lazy\" decoding=\"async\" width=\"300\" height=\"300\" src=\"https:\/\/www.annamariajung.com\/wp-content\/uploads\/2024\/08\/League-of-Novelists-300x300.jpg\" class=\"attachment-thumbnail size-thumbnail\" alt=\"\" \/><\/a>\n\t\t\t<\/div><\/figure><figure class='gallery-item'>\n\t\t\t<div class='gallery-icon portrait'>\n\t\t\t\t<a href='https:\/\/www.annamariajung.com\/de\/licensing\/know-your-chemistry\/'><img loading=\"lazy\" decoding=\"async\" width=\"300\" height=\"300\" src=\"https:\/\/www.annamariajung.com\/wp-content\/uploads\/2024\/08\/Know-Your-Chemistry-300x300.jpg\" class=\"attachment-thumbnail size-thumbnail\" alt=\"\" \/><\/a>\n\t\t\t<\/div><\/figure><figure class='gallery-item'>\n\t\t\t<div class='gallery-icon portrait'>\n\t\t\t\t<a href='https:\/\/www.annamariajung.com\/de\/licensing\/i-like-big-buns\/'><img loading=\"lazy\" decoding=\"async\" width=\"300\" height=\"300\" src=\"https:\/\/www.annamariajung.com\/wp-content\/uploads\/2024\/08\/I-Like-Big-Buns-300x300.jpg\" class=\"attachment-thumbnail size-thumbnail\" alt=\"\" \/><\/a>\n\t\t\t<\/div><\/figure><figure class='gallery-item'>\n\t\t\t<div class='gallery-icon portrait'>\n\t\t\t\t<a href='https:\/\/www.annamariajung.com\/de\/licensing\/grammar-nazgul\/'><img loading=\"lazy\" decoding=\"async\" width=\"300\" height=\"300\" src=\"https:\/\/www.annamariajung.com\/wp-content\/uploads\/2024\/08\/Grammar-Nazgul-300x300.jpg\" class=\"attachment-thumbnail size-thumbnail\" alt=\"\" \/><\/a>\n\t\t\t<\/div><\/figure><figure class='gallery-item'>\n\t\t\t<div class='gallery-icon landscape'>\n\t\t\t\t<a href='https:\/\/www.annamariajung.com\/de\/licensing\/gelatinous-cute\/'><img loading=\"lazy\" decoding=\"async\" width=\"300\" height=\"300\" src=\"https:\/\/www.annamariajung.com\/wp-content\/uploads\/2024\/08\/Gelatinous-Cute-300x300.jpg\" class=\"attachment-thumbnail size-thumbnail\" alt=\"\" srcset=\"https:\/\/www.annamariajung.com\/wp-content\/uploads\/2024\/08\/Gelatinous-Cute-300x300.jpg 300w, https:\/\/www.annamariajung.com\/wp-content\/uploads\/2024\/08\/Gelatinous-Cute-450x450.jpg 450w, https:\/\/www.annamariajung.com\/wp-content\/uploads\/2024\/08\/Gelatinous-Cute-690x690.jpg 690w, https:\/\/www.annamariajung.com\/wp-content\/uploads\/2024\/08\/Gelatinous-Cute.jpg 700w\" sizes=\"auto, (max-width: 300px) 100vw, 300px\" \/><\/a>\n\t\t\t<\/div><\/figure><figure class='gallery-item'>\n\t\t\t<div class='gallery-icon landscape'>\n\t\t\t\t<a href='https:\/\/www.annamariajung.com\/de\/licensing\/food-porn\/'><img loading=\"lazy\" decoding=\"async\" width=\"300\" height=\"300\" src=\"https:\/\/www.annamariajung.com\/wp-content\/uploads\/2024\/08\/Food-Porn-300x300.jpg\" class=\"attachment-thumbnail size-thumbnail\" alt=\"\" srcset=\"https:\/\/www.annamariajung.com\/wp-content\/uploads\/2024\/08\/Food-Porn-300x300.jpg 300w, https:\/\/www.annamariajung.com\/wp-content\/uploads\/2024\/08\/Food-Porn-450x450.jpg 450w, https:\/\/www.annamariajung.com\/wp-content\/uploads\/2024\/08\/Food-Porn-690x690.jpg 690w, https:\/\/www.annamariajung.com\/wp-content\/uploads\/2024\/08\/Food-Porn.jpg 700w\" sizes=\"auto, (max-width: 300px) 100vw, 300px\" \/><\/a>\n\t\t\t<\/div><\/figure><figure class='gallery-item'>\n\t\t\t<div class='gallery-icon portrait'>\n\t\t\t\t<a href='https:\/\/www.annamariajung.com\/de\/licensing\/flirt-like-kirk\/'><img loading=\"lazy\" decoding=\"async\" width=\"300\" height=\"300\" src=\"https:\/\/www.annamariajung.com\/wp-content\/uploads\/2024\/08\/Flirt-Like-Kirk-300x300.jpg\" class=\"attachment-thumbnail size-thumbnail\" alt=\"\" \/><\/a>\n\t\t\t<\/div><\/figure><figure class='gallery-item'>\n\t\t\t<div class='gallery-icon portrait'>\n\t\t\t\t<a href='https:\/\/www.annamariajung.com\/de\/licensing\/eye-of-meowdor\/'><img loading=\"lazy\" decoding=\"async\" width=\"300\" height=\"300\" src=\"https:\/\/www.annamariajung.com\/wp-content\/uploads\/2024\/08\/Eye-of-Meowdor-300x300.jpg\" class=\"attachment-thumbnail size-thumbnail\" alt=\"\" \/><\/a>\n\t\t\t<\/div><\/figure><figure class='gallery-item'>\n\t\t\t<div class='gallery-icon landscape'>\n\t\t\t\t<a href='https:\/\/www.annamariajung.com\/de\/licensing\/escape-reality-play-rpgs\/'><img loading=\"lazy\" decoding=\"async\" width=\"300\" height=\"300\" src=\"https:\/\/www.annamariajung.com\/wp-content\/uploads\/2024\/08\/Escape-Reality-play-RPGs-300x300.jpg\" class=\"attachment-thumbnail size-thumbnail\" alt=\"\" srcset=\"https:\/\/www.annamariajung.com\/wp-content\/uploads\/2024\/08\/Escape-Reality-play-RPGs-300x300.jpg 300w, https:\/\/www.annamariajung.com\/wp-content\/uploads\/2024\/08\/Escape-Reality-play-RPGs-450x450.jpg 450w, https:\/\/www.annamariajung.com\/wp-content\/uploads\/2024\/08\/Escape-Reality-play-RPGs-690x690.jpg 690w, https:\/\/www.annamariajung.com\/wp-content\/uploads\/2024\/08\/Escape-Reality-play-RPGs.jpg 700w\" sizes=\"auto, (max-width: 300px) 100vw, 300px\" \/><\/a>\n\t\t\t<\/div><\/figure><figure class='gallery-item'>\n\t\t\t<div class='gallery-icon landscape'>\n\t\t\t\t<a href='https:\/\/www.annamariajung.com\/de\/licensing\/dungeons-and-patterns-mug\/'><img loading=\"lazy\" decoding=\"async\" width=\"300\" height=\"300\" src=\"https:\/\/www.annamariajung.com\/wp-content\/uploads\/2024\/08\/Dungeons-and-Patterns-Mug-300x300.jpg\" class=\"attachment-thumbnail size-thumbnail\" alt=\"\" srcset=\"https:\/\/www.annamariajung.com\/wp-content\/uploads\/2024\/08\/Dungeons-and-Patterns-Mug-300x300.jpg 300w, https:\/\/www.annamariajung.com\/wp-content\/uploads\/2024\/08\/Dungeons-and-Patterns-Mug-450x450.jpg 450w, https:\/\/www.annamariajung.com\/wp-content\/uploads\/2024\/08\/Dungeons-and-Patterns-Mug-690x690.jpg 690w, https:\/\/www.annamariajung.com\/wp-content\/uploads\/2024\/08\/Dungeons-and-Patterns-Mug.jpg 700w\" sizes=\"auto, (max-width: 300px) 100vw, 300px\" \/><\/a>\n\t\t\t<\/div><\/figure><figure class='gallery-item'>\n\t\t\t<div class='gallery-icon portrait'>\n\t\t\t\t<a href='https:\/\/www.annamariajung.com\/de\/licensing\/cat-yoga\/'><img loading=\"lazy\" decoding=\"async\" width=\"300\" height=\"300\" src=\"https:\/\/www.annamariajung.com\/wp-content\/uploads\/2024\/08\/Cat-Yoga-300x300.jpg\" class=\"attachment-thumbnail size-thumbnail\" alt=\"\" \/><\/a>\n\t\t\t<\/div><\/figure><figure class='gallery-item'>\n\t\t\t<div class='gallery-icon landscape'>\n\t\t\t\t<a href='https:\/\/www.annamariajung.com\/de\/licensing\/call-of-snoophulhu\/'><img loading=\"lazy\" decoding=\"async\" width=\"300\" height=\"300\" src=\"https:\/\/www.annamariajung.com\/wp-content\/uploads\/2024\/08\/Call-of-Snoophulhu-300x300.jpg\" class=\"attachment-thumbnail size-thumbnail\" alt=\"\" srcset=\"https:\/\/www.annamariajung.com\/wp-content\/uploads\/2024\/08\/Call-of-Snoophulhu-300x300.jpg 300w, https:\/\/www.annamariajung.com\/wp-content\/uploads\/2024\/08\/Call-of-Snoophulhu-450x450.jpg 450w, https:\/\/www.annamariajung.com\/wp-content\/uploads\/2024\/08\/Call-of-Snoophulhu-690x690.jpg 690w, https:\/\/www.annamariajung.com\/wp-content\/uploads\/2024\/08\/Call-of-Snoophulhu.jpg 700w\" sizes=\"auto, (max-width: 300px) 100vw, 300px\" \/><\/a>\n\t\t\t<\/div><\/figure><figure class='gallery-item'>\n\t\t\t<div class='gallery-icon landscape'>\n\t\t\t\t<a href='https:\/\/www.annamariajung.com\/de\/licensing\/bathtubs-stairs\/'><img loading=\"lazy\" decoding=\"async\" width=\"300\" height=\"300\" src=\"https:\/\/www.annamariajung.com\/wp-content\/uploads\/2024\/08\/Bathtubs-Stairs-300x300.jpg\" class=\"attachment-thumbnail size-thumbnail\" alt=\"\" \/><\/a>\n\t\t\t<\/div><\/figure><figure class='gallery-item'>\n\t\t\t<div class='gallery-icon portrait'>\n\t\t\t\t<a href='https:\/\/www.annamariajung.com\/de\/licensing\/bad-tempered-rodents\/'><img loading=\"lazy\" decoding=\"async\" width=\"300\" height=\"300\" src=\"https:\/\/www.annamariajung.com\/wp-content\/uploads\/2024\/08\/Bad-Tempered-Rodents-300x300.jpg\" class=\"attachment-thumbnail size-thumbnail\" alt=\"\" \/><\/a>\n\t\t\t<\/div><\/figure><figure class='gallery-item'>\n\t\t\t<div class='gallery-icon landscape'>\n\t\t\t\t<a href='https:\/\/www.annamariajung.com\/de\/licensing\/adulthood-the-game\/'><img loading=\"lazy\" decoding=\"async\" width=\"300\" height=\"300\" src=\"https:\/\/www.annamariajung.com\/wp-content\/uploads\/2024\/08\/Adulthood-The-Game-300x300.jpg\" class=\"attachment-thumbnail size-thumbnail\" alt=\"\" srcset=\"https:\/\/www.annamariajung.com\/wp-content\/uploads\/2024\/08\/Adulthood-The-Game-300x300.jpg 300w, https:\/\/www.annamariajung.com\/wp-content\/uploads\/2024\/08\/Adulthood-The-Game-450x450.jpg 450w, https:\/\/www.annamariajung.com\/wp-content\/uploads\/2024\/08\/Adulthood-The-Game-690x690.jpg 690w, https:\/\/www.annamariajung.com\/wp-content\/uploads\/2024\/08\/Adulthood-The-Game.jpg 700w\" sizes=\"auto, (max-width: 300px) 100vw, 300px\" \/><\/a>\n\t\t\t<\/div><\/figure><figure class='gallery-item'>\n\t\t\t<div class='gallery-icon landscape'>\n\t\t\t\t<a href='https:\/\/www.annamariajung.com\/de\/licensing\/a-day-in-the-life-threadless\/'><img loading=\"lazy\" decoding=\"async\" width=\"300\" height=\"300\" src=\"https:\/\/www.annamariajung.com\/wp-content\/uploads\/2024\/08\/A-Day-in-the-Life-Threadless-300x300.jpg\" class=\"attachment-thumbnail size-thumbnail\" alt=\"\" \/><\/a>\n\t\t\t<\/div><\/figure><figure class='gallery-item'>\n\t\t\t<div class='gallery-icon landscape'>\n\t\t\t\t<a href='https:\/\/www.annamariajung.com\/de\/licensing\/20-shades-of-yay\/'><img loading=\"lazy\" decoding=\"async\" width=\"300\" height=\"300\" src=\"https:\/\/www.annamariajung.com\/wp-content\/uploads\/2024\/08\/20-Shades-of-Yay-300x300.jpg\" class=\"attachment-thumbnail size-thumbnail\" alt=\"\" srcset=\"https:\/\/www.annamariajung.com\/wp-content\/uploads\/2024\/08\/20-Shades-of-Yay-300x300.jpg 300w, https:\/\/www.annamariajung.com\/wp-content\/uploads\/2024\/08\/20-Shades-of-Yay-450x450.jpg 450w, https:\/\/www.annamariajung.com\/wp-content\/uploads\/2024\/08\/20-Shades-of-Yay-690x690.jpg 690w, https:\/\/www.annamariajung.com\/wp-content\/uploads\/2024\/08\/20-Shades-of-Yay.jpg 700w\" sizes=\"auto, (max-width: 300px) 100vw, 300px\" \/><\/a>\n\t\t\t<\/div><\/figure>\n\t\t<\/div>\n\n<p>\u00a0<\/p>","protected":false},"excerpt":{"rendered":"<p>In 2009, I began creating cute and nerdy art for the licensing market, focusing on apparel companies like Threadless, Teefury, and Shirtwoot. Since then, I\u2019ve illustrated over 250 designs for this market. My work has been printed hundreds of thousands of times, and I&#8217;ve even had the surreal experience of randomly meeting people around the [&hellip;]<\/p>\n","protected":false},"author":1,"featured_media":0,"parent":0,"menu_order":0,"comment_status":"closed","ping_status":"closed","template":"","meta":{"footnotes":""},"class_list":["post-1660","page","type-page","status-publish","hentry"],"_links":{"self":[{"href":"https:\/\/www.annamariajung.com\/de\/wp-json\/wp\/v2\/pages\/1660","targetHints":{"allow":["GET"]}}],"collection":[{"href":"https:\/\/www.annamariajung.com\/de\/wp-json\/wp\/v2\/pages"}],"about":[{"href":"https:\/\/www.annamariajung.com\/de\/wp-json\/wp\/v2\/types\/page"}],"author":[{"embeddable":true,"href":"https:\/\/www.annamariajung.com\/de\/wp-json\/wp\/v2\/users\/1"}],"replies":[{"embeddable":true,"href":"https:\/\/www.annamariajung.com\/de\/wp-json\/wp\/v2\/comments?post=1660"}],"version-history":[{"count":8,"href":"https:\/\/www.annamariajung.com\/de\/wp-json\/wp\/v2\/pages\/1660\/revisions"}],"predecessor-version":[{"id":2306,"href":"https:\/\/www.annamariajung.com\/de\/wp-json\/wp\/v2\/pages\/1660\/revisions\/2306"}],"wp:attachment":[{"href":"https:\/\/www.annamariajung.com\/de\/wp-json\/wp\/v2\/media?parent=1660"}],"curies":[{"name":"wp","href":"https:\/\/api.w.org\/{rel}","templated":true}]}}